{"id":146,"date":"2017-04-13T14:43:32","date_gmt":"2017-04-13T12:43:32","guid":{"rendered":"https:\/\/www.gite-quezac.com\/?page_id=146"},"modified":"2024-12-21T15:02:38","modified_gmt":"2024-12-21T14:02:38","slug":"tarifs","status":"publish","type":"page","link":"https:\/\/www.gite-quezac.com\/en\/prices\/","title":{"rendered":"Prices"},"content":{"rendered":"<p><\/p>\n<h1>Prices 2025<\/h1>\n<p>Wood for the fireplace included.<\/p>\n\n<table id=\"tablepress-2\" class=\"tablepress tablepress-id-2\">\n<thead>\n<tr class=\"row-1\">\n\t<th class=\"column-1\">&nbsp;<\/th><th class=\"column-2\">Off-season<\/th><th class=\"column-3\">Mid-season<\/th><th class=\"column-4\">Season<\/th><th class=\"column-5\">High season<\/th>\n<\/tr>\n<\/thead>\n<tbody class=\"row-hover\">\n<tr class=\"row-2\">\n\t<td class=\"column-1\">Week<\/td><td class=\"column-2\">\u20ac 395<\/td><td class=\"column-3\">\u20ac 495<\/td><td class=\"column-4\">\u20ac 550<\/td><td class=\"column-5\">\u20ac 870<\/td>\n<\/tr>\n<tr class=\"row-3\">\n\t<td class=\"column-1\">Week-end<br \/>\n   2 nights<\/td><td class=\"column-2\">\u20ac 295<\/td><td class=\"column-3\">\u20ac 355<\/td><td class=\"column-4\">-<\/td><td class=\"column-5\">-<\/td>\n<\/tr>\n<tr class=\"row-4\">\n\t<td class=\"column-1\">Week-end<br \/>\n   3 nights<\/td><td class=\"column-2\">\u20ac 330<\/td><td class=\"column-3\">\u20ac 415 <\/td><td class=\"column-4\">-<\/td><td class=\"column-5\">-<\/td>\n<\/tr>\n<tr class=\"row-5\">\n\t<td class=\"column-1\">Week-end<br \/>\n   4 nights<\/td><td class=\"column-2\">\u20ac 340<\/td><td class=\"column-3\">\u20ac 445 <\/td><td class=\"column-4\">-<\/td><td class=\"column-5\">-<\/td>\n<\/tr>\n<tr class=\"row-6\">\n\t<td class=\"column-1\">Week-end<br \/>\n   5 nights<\/td><td class=\"column-2\">\u20ac 380<\/td><td class=\"column-3\">\u20ac 470 <\/td><td class=\"column-4\">-<\/td><td class=\"column-5\">-<\/td>\n<\/tr>\n<\/tbody>\n<\/table>\n\n\n<table id=\"tablepress-4\" class=\"tablepress tablepress-id-4\">\n<thead>\n<tr class=\"row-1 odd\">\n\t<th class=\"column-1\">Off-season<\/th><th class=\"column-2\">Mid-season<\/th><th class=\"column-3\">Season<\/th><th class=\"column-4\">High season<\/th>\n<\/tr>\n<\/thead>\n<tbody class=\"row-hover\">\n<tr class=\"row-2 even\">\n\t<td class=\"column-1\">January 05 to F\u00e9bruary 08<\/td><td class=\"column-2\">February 08 to March 08<\/td><td class=\"column-3\"><br \/>\n<\/td><td class=\"column-4\">July 05 to August 30<\/td>\n<\/tr>\n<tr class=\"row-3 odd\">\n\t<td class=\"column-1\">March 08 to April 05<\/td><td class=\"column-2\">April 05 to July 05<\/td><td class=\"column-3\"><\/td><td class=\"column-4\"><\/td>\n<\/tr>\n<tr class=\"row-4 even\">\n\t<td class=\"column-1\">September 13 to October 18<\/td><td class=\"column-2\">August 30 to September 13<\/td><td class=\"column-3\"><\/td><td class=\"column-4\"><\/td>\n<\/tr>\n<tr class=\"row-5 odd\">\n\t<td class=\"column-1\">November 01 to December 210<\/td><td class=\"column-2\">October 18 to November 01<\/td><td class=\"column-3\"><\/td><td class=\"column-4\"><\/td>\n<\/tr>\n<tr class=\"row-6 even\">\n\t<td class=\"column-1\"><\/td><td class=\"column-2\">December 20 to 2024 January 02 <\/td><td class=\"column-3\"><\/td><td class=\"column-4\"><\/td>\n<\/tr>\n<tr class=\"row-7 odd\">\n\t<td class=\"column-1\"><\/td><td class=\"column-2\"><\/td><td class=\"column-3\"><\/td><td class=\"column-4\"><\/td>\n<\/tr>\n<\/tbody>\n<\/table>\n\n<p class=\"Standard\">Sheet and toilet linen rental:<\/p>\n<ul>\n<li class=\"Standard\">\u20ac 16 for a double bed<\/li>\n<li class=\"Standard\">\u20ac 11 for a single bed<\/li>\n<\/ul>\n<p>If you wish, we offer a cleaning fee at the end of your stay for \u20ac 90.<\/p>\n<p class=\"Standard\">Visitor\u2019s tax:<\/p>\n<ul>\n<li class=\"Standard\">\u00a0\u20ac 1.20 per person (older than 18) and per day<\/li>\n<\/ul>\n<p>Call or write to us to book the lodge. We will send you the lease\u00a0 along with a detailed description of the lodge. Please send us back the signed agreement with a 25% deposit within 8 days.<\/p>\n<p style=\"text-align: center;\"><a href=\"https:\/\/www.gite-quezac.com\/contact\/\" target=\"_blank\" rel=\"noopener noreferrer\">See our contact &amp; booking page<\/a><\/p>\n<p><\/p>","protected":false},"excerpt":{"rendered":"<p>Prices 2025 Wood for the fireplace included. Sheet and toilet linen rental: \u20ac 16 for a double bed \u20ac 11 for a single bed If you wish, we offer a cleaning fee at the end [&hellip;]<\/p>\n","protected":false},"author":1,"featured_media":0,"parent":0,"menu_order":0,"comment_status":"closed","ping_status":"closed","template":"page-noslide.php","meta":{"footnotes":""},"yoast_head":"<!-- This site is optimized with the Yoast SEO plugin v15.3 - https:\/\/yoast.com\/wordpress\/plugins\/seo\/ -->\n<meta name=\"description\" content=\"Le gite 3 \u00e9toiles de Qu\u00e9zac pour 7 personnes propose des tarifs en fonction des saisons allant du week-end \u00e0 290 \u20ac \u00e0 une semaine pour 395 \u20ac en basse saison\" \/>\n<meta name=\"robots\" content=\"index, follow, max-snippet:-1, max-image-preview:large, max-video-preview:-1\" \/>\n<link rel=\"canonical\" href=\"https:\/\/www.gite-quezac.com\/tarifs\/\" \/>\n<meta property=\"og:locale\" content=\"en_US\" \/>\n<meta property=\"og:type\" content=\"article\" \/>\n<meta property=\"og:title\" content=\"Tarifs du Gite 3 \u00e9toiles de Qu\u00e9zac en Loz\u00e8re en fonction des saisons\" \/>\n<meta property=\"og:description\" content=\"Le gite 3 \u00e9toiles de Qu\u00e9zac pour 7 personnes propose des tarifs en fonction des saisons allant du week-end \u00e0 290 \u20ac \u00e0 une semaine pour 395 \u20ac en basse saison\" \/>\n<meta property=\"og:url\" content=\"https:\/\/www.gite-quezac.com\/tarifs\/\" \/>\n<meta property=\"og:site_name\" content=\"Quezac Lodge\" \/>\n<meta property=\"article:publisher\" content=\"https:\/\/www.facebook.com\/gitequezac\/?fref=ts\" \/>\n<meta property=\"article:modified_time\" content=\"2024-12-21T14:02:38+00:00\" \/>\n<meta property=\"og:image\" content=\"https:\/\/www.gite-quezac.com\/wp-content\/uploads\/2017\/04\/a1-min.jpg\" \/>\n<meta name=\"twitter:label1\" content=\"Written by\">\n\t<meta name=\"twitter:data1\" content=\"support@bm-services.com\">\n\t<meta name=\"twitter:label2\" content=\"Est. reading time\">\n\t<meta name=\"twitter:data2\" content=\"1 minute\">\n<script type=\"application\/ld+json\" class=\"yoast-schema-graph\">{\"@context\":\"https:\/\/schema.org\",\"@graph\":[{\"@type\":\"WebSite\",\"@id\":\"https:\/\/www.gite-quezac.com\/#website\",\"url\":\"https:\/\/www.gite-quezac.com\/\",\"name\":\"Quezac Lodge\",\"description\":\"The Quezac Lodge affiliated to gites de France and welcome you in Lozere\",\"potentialAction\":[{\"@type\":\"SearchAction\",\"target\":\"https:\/\/www.gite-quezac.com\/?s={search_term_string}\",\"query-input\":\"required name=search_term_string\"}],\"inLanguage\":\"en-US\"},{\"@type\":\"WebPage\",\"@id\":\"https:\/\/www.gite-quezac.com\/tarifs\/#webpage\",\"url\":\"https:\/\/www.gite-quezac.com\/tarifs\/\",\"name\":\"Tarifs du Gite 3 \\u00e9toiles de Qu\\u00e9zac en Loz\\u00e8re en fonction des saisons\",\"isPartOf\":{\"@id\":\"https:\/\/www.gite-quezac.com\/#website\"},\"datePublished\":\"2017-04-13T12:43:32+00:00\",\"dateModified\":\"2024-12-21T14:02:38+00:00\",\"description\":\"Le gite 3 \\u00e9toiles de Qu\\u00e9zac pour 7 personnes propose des tarifs en fonction des saisons allant du week-end \\u00e0 290 \\u20ac \\u00e0 une semaine pour 395 \\u20ac en basse saison\",\"inLanguage\":\"en-US\",\"potentialAction\":[{\"@type\":\"ReadAction\",\"target\":[\"https:\/\/www.gite-quezac.com\/tarifs\/\"]}]}]}<\/script>\n<!-- \/ Yoast SEO plugin. -->","amp_validity":null,"amp_enabled":false,"_links":{"self":[{"href":"https:\/\/www.gite-quezac.com\/en\/wp-json\/wp\/v2\/pages\/146"}],"collection":[{"href":"https:\/\/www.gite-quezac.com\/en\/wp-json\/wp\/v2\/pages"}],"about":[{"href":"https:\/\/www.gite-quezac.com\/en\/wp-json\/wp\/v2\/types\/page"}],"author":[{"embeddable":true,"href":"https:\/\/www.gite-quezac.com\/en\/wp-json\/wp\/v2\/users\/1"}],"replies":[{"embeddable":true,"href":"https:\/\/www.gite-quezac.com\/en\/wp-json\/wp\/v2\/comments?post=146"}],"version-history":[{"count":37,"href":"https:\/\/www.gite-quezac.com\/en\/wp-json\/wp\/v2\/pages\/146\/revisions"}],"predecessor-version":[{"id":968,"href":"https:\/\/www.gite-quezac.com\/en\/wp-json\/wp\/v2\/pages\/146\/revisions\/968"}],"wp:attachment":[{"href":"https:\/\/www.gite-quezac.com\/en\/wp-json\/wp\/v2\/media?parent=146"}],"curies":[{"name":"wp","href":"https:\/\/api.w.org\/{rel}","templated":true}]}}