{"id":48,"date":"2017-04-04T12:03:17","date_gmt":"2017-04-04T10:03:17","guid":{"rendered":"https:\/\/www.gite-quezac.com\/?page_id=48"},"modified":"2017-05-15T09:27:35","modified_gmt":"2017-05-15T07:27:35","slug":"contactez-nous","status":"publish","type":"page","link":"https:\/\/www.gite-quezac.com\/en\/contact\/","title":{"rendered":"Contact &#038; booking"},"content":{"rendered":"<p>Call or write to us to book the lodge. We will send you the lease agreement established by the F\u00e9d\u00e9ration Fran\u00e7aise des G\u00eetes de France (French federation for lodges) along with a detailed description of the lodge. Please send us back the signed agreement with a 25% deposit within 8 days.<\/p>\n<p><div role=\"form\" class=\"wpcf7\" id=\"wpcf7-f36-o2\" lang=\"fr-FR\" dir=\"ltr\">\n<div class=\"screen-reader-response\"><p role=\"status\" aria-live=\"polite\" aria-atomic=\"true\"><\/p> <ul><\/ul><\/div>\n<form action=\"\/en\/wp-json\/wp\/v2\/pages\/48#wpcf7-f36-o2\" method=\"post\" class=\"wpcf7-form init\" novalidate=\"novalidate\" data-status=\"init\">\n<div style=\"display: none;\">\n<input type=\"hidden\" name=\"_wpcf7\" value=\"36\" \/>\n<input type=\"hidden\" name=\"_wpcf7_version\" value=\"5.3\" \/>\n<input type=\"hidden\" name=\"_wpcf7_locale\" value=\"fr_FR\" \/>\n<input type=\"hidden\" name=\"_wpcf7_unit_tag\" value=\"wpcf7-f36-o2\" \/>\n<input type=\"hidden\" name=\"_wpcf7_container_post\" value=\"0\" \/>\n<input type=\"hidden\" name=\"_wpcf7_posted_data_hash\" value=\"\" \/>\n<\/div>\n<h1>Booking<\/h1>\n<p><br><\/p>\n<p><label> Last name*<br \/>\n    <span class=\"wpcf7-form-control-wrap Nom\"><input type=\"text\" name=\"Nom\" value=\"\" size=\"40\" class=\"wpcf7-form-control wpcf7-text wpcf7-validates-as-required\" aria-required=\"true\" aria-invalid=\"false\" placeholder=\"Your last name\" \/><\/span> <\/label><\/p>\n<p><label> First name*<br \/>\n    <span class=\"wpcf7-form-control-wrap Prenom\"><input type=\"text\" name=\"Prenom\" value=\"\" size=\"40\" class=\"wpcf7-form-control wpcf7-text wpcf7-validates-as-required\" aria-required=\"true\" aria-invalid=\"false\" placeholder=\"Your first name\" \/><\/span> <\/label><\/p>\n<p><label> Full Adress*<br \/>\n     <span class=\"wpcf7-form-control-wrap text-261\"><input type=\"text\" name=\"text-261\" value=\"\" size=\"40\" class=\"wpcf7-form-control wpcf7-text wpcf7-validates-as-required\" id=\"form-adress\" aria-required=\"true\" aria-invalid=\"false\" placeholder=\"Enter your entire adress\" \/><\/span> <\/label><\/p>\n<p><label> Phone<br \/>\n    <span class=\"wpcf7-form-control-wrap tel-4\"><input type=\"tel\" name=\"tel-4\" value=\"\" size=\"40\" class=\"wpcf7-form-control wpcf7-text wpcf7-tel wpcf7-validates-as-tel\" aria-invalid=\"false\" placeholder=\"0X XX XX XX XX\" \/><\/span> <\/label><\/p>\n<p><label> E-mail*<br \/>\n    <span class=\"wpcf7-form-control-wrap email-667\"><input type=\"email\" name=\"email-667\" value=\"\" size=\"40\" class=\"wpcf7-form-control wpcf7-text wpcf7-email wpcf7-validates-as-required wpcf7-validates-as-email\" aria-required=\"true\" aria-invalid=\"false\" placeholder=\"Enter your e-mail\" \/><\/span> <\/label><\/p>\n<p><label> Arrival day*<br \/>\n    <span class=\"wpcf7-form-control-wrap date-317\"><input type=\"date\" name=\"date-317\" value=\"\" class=\"wpcf7-form-control wpcf7-date wpcf7-validates-as-required wpcf7-validates-as-date\" id=\"form-calendar\" aria-required=\"true\" aria-invalid=\"false\" placeholder=\"When would you like to come ?\" \/><\/span> <\/label><\/p>\n<p><label> Stay duration*<br \/>\n    <span class=\"wpcf7-form-control-wrap number-451\"><input type=\"number\" name=\"number-451\" value=\"\" class=\"wpcf7-form-control wpcf7-number wpcf7-validates-as-required wpcf7-validates-as-number\" id=\"form-duration\" min=\"1\" aria-required=\"true\" aria-invalid=\"false\" placeholder=\"How many days will you stay ?\" \/><\/span> <\/label><\/p>\n<p><label> Message ( facultatif )<br \/>\n    <span class=\"wpcf7-form-control-wrap your-message\"><textarea name=\"your-message\" cols=\"40\" rows=\"10\" class=\"wpcf7-form-control wpcf7-textarea\" id=\"form-message\" aria-invalid=\"false\" placeholder=\"Don&#039;t hesitate to give us specifications\"><\/textarea><\/span> <\/label><\/p>\n<p><i>*Required fields<\/i><\/p>\n<p><input type=\"submit\" value=\"Booking\" class=\"wpcf7-form-control wpcf7-submit\" id=\"reserve-button\" \/><\/p>\n<p style=\"display: none !important;\"><label>&#916;<textarea name=\"_wpcf7_ak_hp_textarea\" cols=\"45\" rows=\"8\" maxlength=\"100\"><\/textarea><\/label><input type=\"hidden\" id=\"ak_js_2\" name=\"_wpcf7_ak_js\" value=\"187\"\/><script>document.getElementById( \"ak_js_2\" ).setAttribute( \"value\", ( new Date() ).getTime() );<\/script><\/p><div class=\"wpcf7-response-output\" aria-hidden=\"true\"><\/div><\/form><\/div><\/p>","protected":false},"excerpt":{"rendered":"<p>Call or write to us to book the lodge. We will send you the lease agreement established by the F\u00e9d\u00e9ration Fran\u00e7aise des G\u00eetes de France (French federation for lodges) along with a detailed description of [&hellip;]<\/p>\n","protected":false},"author":1,"featured_media":0,"parent":0,"menu_order":0,"comment_status":"closed","ping_status":"closed","template":"contact.php","meta":{"footnotes":""},"yoast_head":"<!-- This site is optimized with the Yoast SEO plugin v15.3 - https:\/\/yoast.com\/wordpress\/plugins\/seo\/ -->\n<meta name=\"robots\" content=\"index, follow, max-snippet:-1, max-image-preview:large, max-video-preview:-1\" \/>\n<link rel=\"canonical\" href=\"https:\/\/www.gite-quezac.com\/contact\/\" \/>\n<meta property=\"og:locale\" content=\"en_US\" \/>\n<meta property=\"og:type\" content=\"article\" \/>\n<meta property=\"og:title\" content=\"[:fr]Contact &amp; r\u00e9servation[:en]Contact &amp; booking[:] - Quezac Lodge\" \/>\n<meta property=\"og:description\" content=\"Call or write to us to book the lodge. We will send you the lease agreement established by the F\u00e9d\u00e9ration Fran\u00e7aise des G\u00eetes de France (French federation for lodges) along with a detailed description of [&hellip;]\" \/>\n<meta property=\"og:url\" content=\"https:\/\/www.gite-quezac.com\/contact\/\" \/>\n<meta property=\"og:site_name\" content=\"Quezac Lodge\" \/>\n<meta property=\"article:publisher\" content=\"https:\/\/www.facebook.com\/gitequezac\/?fref=ts\" \/>\n<meta property=\"article:modified_time\" content=\"2017-05-15T07:27:35+00:00\" \/>\n<meta property=\"og:image\" content=\"https:\/\/www.gite-quezac.com\/wp-content\/uploads\/2017\/04\/a1-min.jpg\" \/>\n<meta name=\"twitter:label1\" content=\"Written by\">\n\t<meta name=\"twitter:data1\" content=\"support@bm-services.com\">\n\t<meta name=\"twitter:label2\" content=\"Est. reading time\">\n\t<meta name=\"twitter:data2\" content=\"0 minutes\">\n<script type=\"application\/ld+json\" class=\"yoast-schema-graph\">{\"@context\":\"https:\/\/schema.org\",\"@graph\":[{\"@type\":\"WebSite\",\"@id\":\"https:\/\/www.gite-quezac.com\/#website\",\"url\":\"https:\/\/www.gite-quezac.com\/\",\"name\":\"Quezac Lodge\",\"description\":\"The Quezac Lodge affiliated to gites de France and welcome you in Lozere\",\"potentialAction\":[{\"@type\":\"SearchAction\",\"target\":\"https:\/\/www.gite-quezac.com\/?s={search_term_string}\",\"query-input\":\"required name=search_term_string\"}],\"inLanguage\":\"en-US\"},{\"@type\":\"WebPage\",\"@id\":\"https:\/\/www.gite-quezac.com\/contact\/#webpage\",\"url\":\"https:\/\/www.gite-quezac.com\/contact\/\",\"name\":\"[:fr]Contact & r\\u00e9servation[:en]Contact & booking[:] - Quezac Lodge\",\"isPartOf\":{\"@id\":\"https:\/\/www.gite-quezac.com\/#website\"},\"datePublished\":\"2017-04-04T10:03:17+00:00\",\"dateModified\":\"2017-05-15T07:27:35+00:00\",\"inLanguage\":\"en-US\",\"potentialAction\":[{\"@type\":\"ReadAction\",\"target\":[\"https:\/\/www.gite-quezac.com\/contact\/\"]}]}]}<\/script>\n<!-- \/ Yoast SEO plugin. -->","amp_validity":null,"amp_enabled":false,"_links":{"self":[{"href":"https:\/\/www.gite-quezac.com\/en\/wp-json\/wp\/v2\/pages\/48"}],"collection":[{"href":"https:\/\/www.gite-quezac.com\/en\/wp-json\/wp\/v2\/pages"}],"about":[{"href":"https:\/\/www.gite-quezac.com\/en\/wp-json\/wp\/v2\/types\/page"}],"author":[{"embeddable":true,"href":"https:\/\/www.gite-quezac.com\/en\/wp-json\/wp\/v2\/users\/1"}],"replies":[{"embeddable":true,"href":"https:\/\/www.gite-quezac.com\/en\/wp-json\/wp\/v2\/comments?post=48"}],"version-history":[{"count":11,"href":"https:\/\/www.gite-quezac.com\/en\/wp-json\/wp\/v2\/pages\/48\/revisions"}],"predecessor-version":[{"id":537,"href":"https:\/\/www.gite-quezac.com\/en\/wp-json\/wp\/v2\/pages\/48\/revisions\/537"}],"wp:attachment":[{"href":"https:\/\/www.gite-quezac.com\/en\/wp-json\/wp\/v2\/media?parent=48"}],"curies":[{"name":"wp","href":"https:\/\/api.w.org\/{rel}","templated":true}]}}