{"id":72,"date":"2017-04-05T10:14:54","date_gmt":"2017-04-05T08:14:54","guid":{"rendered":"https:\/\/www.gite-quezac.com\/?page_id=72"},"modified":"2018-08-10T11:43:22","modified_gmt":"2018-08-10T09:43:22","slug":"liens-utiles","status":"publish","type":"page","link":"https:\/\/www.gite-quezac.com\/en\/useful-links\/","title":{"rendered":"Useful links"},"content":{"rendered":"<p><\/p>\n<h1>Useful links<\/h1>\n<p>&nbsp;<\/p>\n<ul>\n<li>Loz\u00e8re Tourism :\u00a0<a href=\"http:\/\/www.lozere-tourisme.com\/\" target=\"_blank\">http:\/\/www.lozere-tourisme.com\/<\/a><\/li>\n<\/ul>\n<ul>\n<li>C\u00e9vennes National Park:\u00a0<a href=\"http:\/\/www.cevennes-parcnational.fr\/fr\" target=\"_blank\">http:\/\/www.cevennes-parcnational.fr\/fr<\/a><\/li>\n<\/ul>\n<ul>\n<li>Loz\u00e8re Online ( Guide ) :\u00a0<a href=\"http:\/\/www.lozere-online.com\/\" target=\"_blank\">http:\/\/www.lozere-online.com\/<\/a><\/li>\n<\/ul>\n<ul>\n<li>Sport and nature :\u00a0<a href=\"http:\/\/www.lozere-tourisme.com\/sports-nature\" target=\"_blank\">http:\/\/www.lozere-tourisme.com\/sports-nature\u00a0<\/a><\/li>\n<\/ul>\n<ul>\n<li>Visit-Loz\u00e8re :\u00a0<a href=\"http:\/\/www.visit-lozere.fr\/\" target=\"_blank\">http:\/\/www.visit-lozere.fr\/<\/a><\/li>\n<\/ul>\n<ul>\n<li>C\u00e9vennes and Gorges du Tarn :\u00a0<a href=\"http:\/\/www.cevennes-gorges-du-tarn.com\/activite-enfant-famille\" target=\"_blank\">http:\/\/www.cevennes-gorges-du-tarn.com\/activite-enfant-famille<\/a><\/li>\n<\/ul>\n<ul>\n<li>Hiking\u00a0:\u00a0<a href=\"http:\/\/www.lozere-tourisme.com\/randonnee-pedestre\" target=\"_blank\">http:\/\/www.lozere-tourisme.com\/randonnee-pedestre<\/a><\/li>\n<\/ul>\n<ul>\n<li>Visorando.com :\u00a0<a href=\"https:\/\/www.visorando.com\/randonnee-lozere.html\" target=\"_blank\">https:\/\/www.visorando.com\/randonnee-lozere.html<\/a><\/li>\n<\/ul>\n<ul>\n<li>Paths:\u00a0<a href=\"http:\/\/www.lozere-tourisme.com\/itineraires-sportifs\" target=\"_blank\">http:\/\/www.lozere-tourisme.com\/itineraires-sportifs<\/a><\/li>\n<\/ul>\n<ul>\n<li>Mont-Loz\u00e8re :\u00a0<a href=\"http:\/\/www.lozere-tourisme.com\/mont-lozere\" target=\"_blank\">http:\/\/www.lozere-tourisme.com\/mont-lozere<\/a><\/li>\n<\/ul>\n<ul>\n<li>Ispagnac swimming pool:\u00a0<a href=\"http:\/\/www.guide-piscine.fr\/lozere\/piscine-a-ispagnac-725_P\" target=\"_blank\">http:\/\/www.guide-piscine.fr\/lozere\/piscine-a-ispagnac-725_P<\/a><\/li>\n<\/ul>\n<ul>\n<li>Bieisses lodge :\u00a0<a href=\"http:\/\/www.gite-ispagnac.com\/en\" target=\"_blank\">http:\/\/www.gite-ispagnac.com\/en<\/a><\/li>\n<\/ul>\n<p><\/p>","protected":false},"excerpt":{"rendered":"<p>Useful links &nbsp; Loz\u00e8re Tourism :\u00a0http:\/\/www.lozere-tourisme.com\/ C\u00e9vennes National Park:\u00a0http:\/\/www.cevennes-parcnational.fr\/fr Loz\u00e8re Online ( Guide ) :\u00a0http:\/\/www.lozere-online.com\/ Sport and nature :\u00a0http:\/\/www.lozere-tourisme.com\/sports-nature\u00a0 Visit-Loz\u00e8re :\u00a0http:\/\/www.visit-lozere.fr\/ C\u00e9vennes and Gorges du Tarn :\u00a0http:\/\/www.cevennes-gorges-du-tarn.com\/activite-enfant-famille Hiking\u00a0:\u00a0http:\/\/www.lozere-tourisme.com\/randonnee-pedestre Visorando.com :\u00a0https:\/\/www.visorando.com\/randonnee-lozere.html Paths:\u00a0http:\/\/www.lozere-tourisme.com\/itineraires-sportifs Mont-Loz\u00e8re :\u00a0http:\/\/www.lozere-tourisme.com\/mont-lozere Ispagnac swimming [&hellip;]<\/p>\n","protected":false},"author":1,"featured_media":0,"parent":0,"menu_order":0,"comment_status":"closed","ping_status":"closed","template":"page-noslide.php","meta":{"footnotes":""},"yoast_head":"<!-- This site is optimized with the Yoast SEO plugin v15.3 - https:\/\/yoast.com\/wordpress\/plugins\/seo\/ -->\n<meta name=\"description\" content=\"Le gite de Qu\u00e9zac vous donne les liens utiles pour organiser vos vacances et randonn\u00e9es en Loz\u00e8re, id\u00e9ales pour les couples comme pour les familles.\" \/>\n<meta name=\"robots\" content=\"index, follow, max-snippet:-1, max-image-preview:large, max-video-preview:-1\" \/>\n<link rel=\"canonical\" href=\"https:\/\/www.gite-quezac.com\/liens-utiles\/\" \/>\n<meta property=\"og:locale\" content=\"en_US\" \/>\n<meta property=\"og:type\" content=\"article\" \/>\n<meta property=\"og:title\" content=\"Trouvez tout les liens utiles pour vos vacances et randonn\u00e9es en Loz\u00e8re\" \/>\n<meta property=\"og:description\" content=\"Le gite de Qu\u00e9zac vous donne les liens utiles pour organiser vos vacances et randonn\u00e9es en Loz\u00e8re, id\u00e9ales pour les couples comme pour les familles.\" \/>\n<meta property=\"og:url\" content=\"https:\/\/www.gite-quezac.com\/liens-utiles\/\" \/>\n<meta property=\"og:site_name\" content=\"Quezac Lodge\" \/>\n<meta property=\"article:publisher\" content=\"https:\/\/www.facebook.com\/gitequezac\/?fref=ts\" \/>\n<meta property=\"article:modified_time\" content=\"2018-08-10T09:43:22+00:00\" \/>\n<meta property=\"og:image\" content=\"https:\/\/www.gite-quezac.com\/wp-content\/uploads\/2018\/08\/logo-300x188.png\" \/>\n<meta name=\"twitter:label1\" content=\"Written by\">\n\t<meta name=\"twitter:data1\" content=\"support@bm-services.com\">\n\t<meta name=\"twitter:label2\" content=\"Est. reading time\">\n\t<meta name=\"twitter:data2\" content=\"1 minute\">\n<script type=\"application\/ld+json\" class=\"yoast-schema-graph\">{\"@context\":\"https:\/\/schema.org\",\"@graph\":[{\"@type\":\"WebSite\",\"@id\":\"https:\/\/www.gite-quezac.com\/#website\",\"url\":\"https:\/\/www.gite-quezac.com\/\",\"name\":\"Quezac Lodge\",\"description\":\"The Quezac Lodge affiliated to gites de France and welcome you in Lozere\",\"potentialAction\":[{\"@type\":\"SearchAction\",\"target\":\"https:\/\/www.gite-quezac.com\/?s={search_term_string}\",\"query-input\":\"required name=search_term_string\"}],\"inLanguage\":\"en-US\"},{\"@type\":\"ImageObject\",\"@id\":\"https:\/\/www.gite-quezac.com\/liens-utiles\/#primaryimage\",\"inLanguage\":\"en-US\",\"url\":\"https:\/\/www.gite-quezac.com\/wp-content\/uploads\/2018\/08\/logo.png\",\"width\":320,\"height\":200},{\"@type\":\"WebPage\",\"@id\":\"https:\/\/www.gite-quezac.com\/liens-utiles\/#webpage\",\"url\":\"https:\/\/www.gite-quezac.com\/liens-utiles\/\",\"name\":\"Trouvez tout les liens utiles pour vos vacances et randonn\\u00e9es en Loz\\u00e8re\",\"isPartOf\":{\"@id\":\"https:\/\/www.gite-quezac.com\/#website\"},\"primaryImageOfPage\":{\"@id\":\"https:\/\/www.gite-quezac.com\/liens-utiles\/#primaryimage\"},\"datePublished\":\"2017-04-05T08:14:54+00:00\",\"dateModified\":\"2018-08-10T09:43:22+00:00\",\"description\":\"Le gite de Qu\\u00e9zac vous donne les liens utiles pour organiser vos vacances et randonn\\u00e9es en Loz\\u00e8re, id\\u00e9ales pour les couples comme pour les familles.\",\"inLanguage\":\"en-US\",\"potentialAction\":[{\"@type\":\"ReadAction\",\"target\":[\"https:\/\/www.gite-quezac.com\/liens-utiles\/\"]}]}]}<\/script>\n<!-- \/ Yoast SEO plugin. -->","amp_validity":null,"amp_enabled":false,"_links":{"self":[{"href":"https:\/\/www.gite-quezac.com\/en\/wp-json\/wp\/v2\/pages\/72"}],"collection":[{"href":"https:\/\/www.gite-quezac.com\/en\/wp-json\/wp\/v2\/pages"}],"about":[{"href":"https:\/\/www.gite-quezac.com\/en\/wp-json\/wp\/v2\/types\/page"}],"author":[{"embeddable":true,"href":"https:\/\/www.gite-quezac.com\/en\/wp-json\/wp\/v2\/users\/1"}],"replies":[{"embeddable":true,"href":"https:\/\/www.gite-quezac.com\/en\/wp-json\/wp\/v2\/comments?post=72"}],"version-history":[{"count":14,"href":"https:\/\/www.gite-quezac.com\/en\/wp-json\/wp\/v2\/pages\/72\/revisions"}],"predecessor-version":[{"id":796,"href":"https:\/\/www.gite-quezac.com\/en\/wp-json\/wp\/v2\/pages\/72\/revisions\/796"}],"wp:attachment":[{"href":"https:\/\/www.gite-quezac.com\/en\/wp-json\/wp\/v2\/media?parent=72"}],"curies":[{"name":"wp","href":"https:\/\/api.w.org\/{rel}","templated":true}]}}